{"id":76226,"date":"2024-12-05T22:51:12","date_gmt":"2024-12-05T21:51:12","guid":{"rendered":"https:\/\/groupesavoure.fr\/?page_id=76226"},"modified":"2025-01-23T01:22:45","modified_gmt":"2025-01-23T00:22:45","slug":"commande-staff-vinya","status":"publish","type":"page","link":"https:\/\/groupesavoure.fr\/index.php\/commande-staff-vinya\/","title":{"rendered":"Commande Staff VINYA"},"content":{"rendered":"\t\t<div data-elementor-type=\"wp-page\" data-elementor-id=\"76226\" class=\"elementor elementor-76226\">\n\t\t\t\t\t\t<section class=\"elementor-section elementor-top-section elementor-element elementor-element-a2483b7 elementor-section-boxed elementor-section-height-default elementor-section-height-default\" data-id=\"a2483b7\" data-element_type=\"section\">\n\t\t\t\t\t\t<div class=\"elementor-container elementor-column-gap-default\">\n\t\t\t\t\t<div class=\" elementor-column elementor-col-100 elementor-top-column elementor-element elementor-element-8f22a5c\" data-fullscreen-column-settings=\"{&quot;fullscreen&quot;:&quot;&quot;}\" data-id=\"8f22a5c\" data-element_type=\"column\">\n\t\t\t<div class=\"elementor-widget-wrap\">\n\t\t\t\t\t\t\t<\/div>\n\t\t<\/div>\n\t\t\t\t\t<\/div>\n\t\t<\/section>\n\t\t\t\t<section class=\"elementor-section elementor-top-section elementor-element elementor-element-1dd2962 elementor-section-boxed elementor-section-height-default elementor-section-height-default\" data-id=\"1dd2962\" data-element_type=\"section\">\n\t\t\t\t\t\t<div class=\"elementor-container elementor-column-gap-default\">\n\t\t\t\t\t<div class=\" elementor-column elementor-col-100 elementor-top-column elementor-element elementor-element-d4bc2b9\" data-fullscreen-column-settings=\"{&quot;fullscreen&quot;:&quot;&quot;}\" data-id=\"d4bc2b9\" data-element_type=\"column\">\n\t\t\t<div class=\"elementor-widget-wrap elementor-element-populated\">\n\t\t\t\t\t\t<div class=\"elementor-element elementor-element-fcf9a0c elementor-widget elementor-widget-spacer\" data-id=\"fcf9a0c\" data-element_type=\"widget\" data-widget_type=\"spacer.default\">\n\t\t\t\t<div class=\"elementor-widget-container\">\n\t\t\t\t\t\t\t<div class=\"elementor-spacer\">\n\t\t\t<div class=\"elementor-spacer-inner\"><\/div>\n\t\t<\/div>\n\t\t\t\t\t\t<\/div>\n\t\t\t\t<\/div>\n\t\t\t\t<div class=\"elementor-element elementor-element-1642b75 elementor-widget elementor-widget-litho-heading\" data-id=\"1642b75\" data-element_type=\"widget\" data-widget_type=\"litho-heading.default\">\n\t\t\t\t<div class=\"elementor-widget-container\">\n\t\t\t\t\t<h2 class=\"litho-heading elementor-size-default\"><span class=\"litho-primary-title\">Commande Staff VINYA<\/span><\/h2>\t\t\t\t<\/div>\n\t\t\t\t<\/div>\n\t\t\t\t<div class=\"elementor-element elementor-element-78fd76c elementor-widget elementor-widget-text-editor\" data-id=\"78fd76c\" data-element_type=\"widget\" data-widget_type=\"text-editor.default\">\n\t\t\t\t<div class=\"elementor-widget-container\">\n\t\t\t\t\t\t\t\t\t<p style=\"text-align: center;\"><div class=\"wpforms-container wpforms-container-full wpforms-render-modern\" id=\"wpforms-76207\"><form id=\"wpforms-form-76207\" class=\"wpforms-validate wpforms-form wpforms-ajax-form\" data-formid=\"76207\" method=\"post\" enctype=\"multipart\/form-data\" action=\"\/index.php\/wp-json\/wp\/v2\/pages\/76226\" data-token=\"b33b6f1c2de4f3bba3a33b11fc6f6818\" data-token-time=\"1776759713\"><noscript class=\"wpforms-error-noscript\">Veuillez activer JavaScript dans votre navigateur pour remplir ce formulaire.<\/noscript><div class=\"wpforms-hidden\" id=\"wpforms-error-noscript\">Veuillez activer JavaScript dans votre navigateur pour remplir ce formulaire.<\/div><div class=\"wpforms-field-container\"><div id=\"wpforms-76207-field_1-container\" class=\"wpforms-field wpforms-field-name\" data-field-id=\"1\"><fieldset><legend class=\"wpforms-field-label\">Nom Pr\u00e9nom <span class=\"wpforms-required-label\" aria-hidden=\"true\">*<\/span><\/legend><div class=\"wpforms-field-row wpforms-field-medium\"><div class=\"wpforms-field-row-block wpforms-first wpforms-one-half\"><input type=\"text\" id=\"wpforms-76207-field_1\" class=\"wpforms-field-name-first wpforms-field-required\" name=\"wpforms[fields][1][first]\" aria-errormessage=\"wpforms-76207-field_1-error\" required><label for=\"wpforms-76207-field_1\" class=\"wpforms-field-sublabel after\">Pr\u00e9nom<\/label><\/div><div class=\"wpforms-field-row-block wpforms-one-half\"><input type=\"text\" id=\"wpforms-76207-field_1-last\" class=\"wpforms-field-name-last wpforms-field-required\" name=\"wpforms[fields][1][last]\" aria-errormessage=\"wpforms-76207-field_1-last-error\" required><label for=\"wpforms-76207-field_1-last\" class=\"wpforms-field-sublabel after\">Nom<\/label><\/div><\/div><\/fieldset><\/div><div id=\"wpforms-76207-field_11-container\" class=\"wpforms-field wpforms-field-phone\" data-field-id=\"11\"><label class=\"wpforms-field-label\" for=\"wpforms-76207-field_11\">T\u00e9l\u00e9phone <span class=\"wpforms-required-label\" aria-hidden=\"true\">*<\/span><\/label><input type=\"tel\" id=\"wpforms-76207-field_11\" class=\"wpforms-field-medium wpforms-field-required\" data-rule-int-phone-field=\"true\" name=\"wpforms[fields][11]\" aria-label=\"T\u00e9l\u00e9phone\" aria-errormessage=\"wpforms-76207-field_11-error\" required><\/div><div id=\"wpforms-76207-field_54-container\" class=\"wpforms-field wpforms-field-email\" data-field-id=\"54\"><label class=\"wpforms-field-label\" for=\"wpforms-76207-field_54\">E-mail <span class=\"wpforms-required-label\" aria-hidden=\"true\">*<\/span><\/label><input type=\"email\" id=\"wpforms-76207-field_54\" class=\"wpforms-field-medium wpforms-field-required\" name=\"wpforms[fields][54]\" spellcheck=\"false\" aria-errormessage=\"wpforms-76207-field_54-error\" required><\/div><div id=\"wpforms-76207-field_15-container\" class=\"wpforms-field wpforms-field-text\" data-field-id=\"15\"><label class=\"wpforms-field-label\" for=\"wpforms-76207-field_15\">Emploi occup\u00e9 <span class=\"wpforms-required-label\" aria-hidden=\"true\">*<\/span><\/label><input type=\"text\" id=\"wpforms-76207-field_15\" class=\"wpforms-field-medium wpforms-field-required\" name=\"wpforms[fields][15]\" placeholder=\"Chef de partie, barman, p\u00e2tissier, ...\" aria-errormessage=\"wpforms-76207-field_15-error\" required><\/div><div id=\"wpforms-76207-field_52-container\" class=\"wpforms-field wpforms-field-select wpforms-field-select-style-classic\" data-field-id=\"52\"><label class=\"wpforms-field-label\" for=\"wpforms-76207-field_52\">Taille souhait\u00e9e (coupe mixte) <span class=\"wpforms-required-label\" aria-hidden=\"true\">*<\/span><\/label><select id=\"wpforms-76207-field_52\" class=\"wpforms-field-medium wpforms-field-required\" name=\"wpforms[fields][52]\" required=\"required\"><option value=\"XS\" >XS<\/option><option value=\"S\" >S<\/option><option value=\"M\"  selected='selected'>M<\/option><option value=\"L\" >L<\/option><option value=\"XL\" >XL<\/option><option value=\"XXL\" >XXL<\/option><\/select><\/div><div id=\"wpforms-76207-field_63-container\" class=\"wpforms-field wpforms-field-checkbox wpforms-list-3-columns\" data-field-id=\"63\"><fieldset><legend class=\"wpforms-field-label\">Choix du mod\u00e8le souhait\u00e9 (3 maximum)<\/legend><ul id=\"wpforms-76207-field_63\" class=\"wpforms-image-choices wpforms-image-choices-modern\"><li class=\"choice-4 depth-1 wpforms-image-choices-item\"><label class=\"wpforms-field-label-inline\" for=\"wpforms-76207-field_63_4\" tabindex=\"0\"><span class=\"wpforms-image-choices-image\"><img decoding=\"async\" src=\"http:\/\/groupesavoure.fr\/wp-content\/uploads\/2025\/01\/Roundneck-mockup-vol2-4-3500x2300px-scaled.jpg\" alt=\"V_1\" title=\"V_1\"><\/span><input type=\"checkbox\" id=\"wpforms-76207-field_63_4\" class=\"wpforms-screen-reader-element\" name=\"wpforms[fields][63][]\" value=\"V_1\" aria-errormessage=\"wpforms-76207-field_63_4-error\" tabindex=\"-1\"  ><span class=\"wpforms-image-choices-label\">V_1<\/span><\/label><\/li><li class=\"choice-10 depth-1 wpforms-image-choices-item\"><label class=\"wpforms-field-label-inline\" for=\"wpforms-76207-field_63_10\" tabindex=\"0\"><span class=\"wpforms-image-choices-image\"><img decoding=\"async\" src=\"http:\/\/groupesavoure.fr\/wp-content\/uploads\/2025\/01\/Roundneck-mockup-vol2-4-3500x2300px-1-scaled.jpg\" alt=\"V_2\" title=\"V_2\"><\/span><input type=\"checkbox\" id=\"wpforms-76207-field_63_10\" class=\"wpforms-screen-reader-element\" name=\"wpforms[fields][63][]\" value=\"V_2\" aria-errormessage=\"wpforms-76207-field_63_10-error\" tabindex=\"-1\"  ><span class=\"wpforms-image-choices-label\">V_2<\/span><\/label><\/li><li class=\"choice-6 depth-1 wpforms-image-choices-item\"><label class=\"wpforms-field-label-inline\" for=\"wpforms-76207-field_63_6\" tabindex=\"0\"><span class=\"wpforms-image-choices-image\"><img decoding=\"async\" src=\"http:\/\/groupesavoure.fr\/wp-content\/uploads\/2025\/01\/Mockup_Verso-1-scaled.jpg\" alt=\"V_3\" title=\"V_3\"><\/span><input type=\"checkbox\" id=\"wpforms-76207-field_63_6\" class=\"wpforms-screen-reader-element\" name=\"wpforms[fields][63][]\" value=\"V_3\" aria-errormessage=\"wpforms-76207-field_63_6-error\" tabindex=\"-1\"  ><span class=\"wpforms-image-choices-label\">V_3<\/span><\/label><\/li><li class=\"choice-7 depth-1 wpforms-image-choices-item\"><label class=\"wpforms-field-label-inline\" for=\"wpforms-76207-field_63_7\" tabindex=\"0\"><span class=\"wpforms-image-choices-image\"><img decoding=\"async\" src=\"http:\/\/groupesavoure.fr\/wp-content\/uploads\/2025\/01\/Mockup_Verso-2-scaled.jpg\" alt=\"V_4\" title=\"V_4\"><\/span><input type=\"checkbox\" id=\"wpforms-76207-field_63_7\" class=\"wpforms-screen-reader-element\" name=\"wpforms[fields][63][]\" value=\"V_4\" aria-errormessage=\"wpforms-76207-field_63_7-error\" tabindex=\"-1\"  ><span class=\"wpforms-image-choices-label\">V_4<\/span><\/label><\/li><li class=\"choice-8 depth-1 wpforms-image-choices-item\"><label class=\"wpforms-field-label-inline\" for=\"wpforms-76207-field_63_8\" tabindex=\"0\"><span class=\"wpforms-image-choices-image\"><img decoding=\"async\" src=\"http:\/\/groupesavoure.fr\/wp-content\/uploads\/2025\/01\/Mockup_Verso-3-scaled.jpg\" alt=\"V_5\" title=\"V_5\"><\/span><input type=\"checkbox\" id=\"wpforms-76207-field_63_8\" class=\"wpforms-screen-reader-element\" name=\"wpforms[fields][63][]\" value=\"V_5\" aria-errormessage=\"wpforms-76207-field_63_8-error\" tabindex=\"-1\"  ><span class=\"wpforms-image-choices-label\">V_5<\/span><\/label><\/li><li class=\"choice-9 depth-1 wpforms-image-choices-item\"><label class=\"wpforms-field-label-inline\" for=\"wpforms-76207-field_63_9\" tabindex=\"0\"><span class=\"wpforms-image-choices-image\"><img decoding=\"async\" src=\"http:\/\/groupesavoure.fr\/wp-content\/uploads\/2025\/01\/Mockup_Verso-4-scaled.jpg\" alt=\"V_6\" title=\"V_6\"><\/span><input type=\"checkbox\" id=\"wpforms-76207-field_63_9\" class=\"wpforms-screen-reader-element\" name=\"wpforms[fields][63][]\" value=\"V_6\" aria-errormessage=\"wpforms-76207-field_63_9-error\" tabindex=\"-1\"  ><span class=\"wpforms-image-choices-label\">V_6<\/span><\/label><\/li><li class=\"choice-11 depth-1 wpforms-image-choices-item\"><label class=\"wpforms-field-label-inline\" for=\"wpforms-76207-field_63_11\" tabindex=\"0\"><span class=\"wpforms-image-choices-image\"><img decoding=\"async\" src=\"http:\/\/groupesavoure.fr\/wp-content\/uploads\/2025\/01\/Roundneck-mockup-vol2-4-3500x2300px-2-scaled.jpg\" alt=\"V_7\" title=\"V_7\"><\/span><input type=\"checkbox\" id=\"wpforms-76207-field_63_11\" class=\"wpforms-screen-reader-element\" name=\"wpforms[fields][63][]\" value=\"V_7\" aria-errormessage=\"wpforms-76207-field_63_11-error\" tabindex=\"-1\"  ><span class=\"wpforms-image-choices-label\">V_7<\/span><\/label><\/li><li class=\"choice-12 depth-1 wpforms-image-choices-item\"><label class=\"wpforms-field-label-inline\" for=\"wpforms-76207-field_63_12\" tabindex=\"0\"><span class=\"wpforms-image-choices-image\"><img decoding=\"async\" src=\"http:\/\/groupesavoure.fr\/wp-content\/uploads\/2025\/01\/Roundneck-mockup-vol2-4-3500x2300px-3-scaled.jpg\" alt=\"V_8\" title=\"V_8\"><\/span><input type=\"checkbox\" id=\"wpforms-76207-field_63_12\" class=\"wpforms-screen-reader-element\" name=\"wpforms[fields][63][]\" value=\"V_8\" aria-errormessage=\"wpforms-76207-field_63_12-error\" tabindex=\"-1\"  ><span class=\"wpforms-image-choices-label\">V_8<\/span><\/label><\/li><li class=\"choice-13 depth-1 wpforms-image-choices-item\"><label class=\"wpforms-field-label-inline\" for=\"wpforms-76207-field_63_13\" tabindex=\"0\"><span class=\"wpforms-image-choices-image\"><img decoding=\"async\" src=\"http:\/\/groupesavoure.fr\/wp-content\/uploads\/2025\/01\/Roundneck-mockup-vol2-4-3500x2300px-5-scaled.jpg\" alt=\"V_9\" title=\"V_9\"><\/span><input type=\"checkbox\" id=\"wpforms-76207-field_63_13\" class=\"wpforms-screen-reader-element\" name=\"wpforms[fields][63][]\" value=\"V_9\" aria-errormessage=\"wpforms-76207-field_63_13-error\" tabindex=\"-1\"  ><span class=\"wpforms-image-choices-label\">V_9<\/span><\/label><\/li><li class=\"choice-14 depth-1 wpforms-image-choices-item\"><label class=\"wpforms-field-label-inline\" for=\"wpforms-76207-field_63_14\" tabindex=\"0\"><span class=\"wpforms-image-choices-image\"><img decoding=\"async\" src=\"http:\/\/groupesavoure.fr\/wp-content\/uploads\/2025\/01\/Mockup_Verso-scaled.jpg\" alt=\"V_10\" title=\"V_10\"><\/span><input type=\"checkbox\" id=\"wpforms-76207-field_63_14\" class=\"wpforms-screen-reader-element\" name=\"wpforms[fields][63][]\" value=\"V_10\" aria-errormessage=\"wpforms-76207-field_63_14-error\" tabindex=\"-1\"  ><span class=\"wpforms-image-choices-label\">V_10<\/span><\/label><\/li><\/ul><\/fieldset><\/div><div id=\"wpforms-76207-field_51-container\" class=\"wpforms-field wpforms-field-number-slider\" data-field-id=\"51\"><label class=\"wpforms-field-label\" for=\"wpforms-76207-field_51\">Quantit\u00e9 souhait\u00e9e<\/label>\n<input\n\ttype=\"range\"\n\tid=\"wpforms-76207-field_51\" class=\"wpforms-field-medium\" name=\"wpforms[fields][51]\" value=\"1\" aria-errormessage=\"wpforms-76207-field_51-error\"\t\tmin=\"1\"\n\tmax=\"3\"\n\tstep=\"1\">\n\n<div class=\"wpforms-field-number-slider-hint\"\n\tdata-hint=\"Nombre de T-shirts\u00a0: {value}\">\n\tNombre de T-shirts\u00a0: <b>1<\/b><\/div>\n<\/div><div id=\"wpforms-76207-field_62-container\" class=\"wpforms-field wpforms-field-checkbox wpforms-list-3-columns\" data-field-id=\"62\"><fieldset><legend class=\"wpforms-field-label\">Disponible en option<\/legend><ul id=\"wpforms-76207-field_62\" class=\"wpforms-image-choices wpforms-image-choices-modern\"><li class=\"choice-1 depth-1 wpforms-image-choices-item\"><label class=\"wpforms-field-label-inline\" for=\"wpforms-76207-field_62_1\" tabindex=\"0\"><span class=\"wpforms-image-choices-image\"><img decoding=\"async\" src=\"http:\/\/groupesavoure.fr\/wp-content\/uploads\/2025\/01\/Polaire.jpg\" alt=\"Polaire\" title=\"Polaire\"><\/span><input type=\"checkbox\" id=\"wpforms-76207-field_62_1\" class=\"wpforms-screen-reader-element\" name=\"wpforms[fields][62][]\" value=\"Polaire\" aria-errormessage=\"wpforms-76207-field_62_1-error\" tabindex=\"-1\"  ><span class=\"wpforms-image-choices-label\">Polaire<\/span><\/label><\/li><\/ul><\/fieldset><\/div><div id=\"wpforms-76207-field_6-container\" class=\"wpforms-field wpforms-field-textarea\" data-field-id=\"6\"><label class=\"wpforms-field-label\" for=\"wpforms-76207-field_6\">Informations compl\u00e9mentaires<\/label><textarea id=\"wpforms-76207-field_6\" class=\"wpforms-field-medium\" name=\"wpforms[fields][6]\" aria-errormessage=\"wpforms-76207-field_6-error\" ><\/textarea><\/div><div id=\"wpforms-76207-field_38-container\" class=\"wpforms-field wpforms-field-checkbox\" data-field-id=\"38\"><fieldset><legend class=\"wpforms-field-label\">Responsabilit\u00e9 <span class=\"wpforms-required-label\" aria-hidden=\"true\">*<\/span><\/legend><ul id=\"wpforms-76207-field_38\" class=\"wpforms-field-required\"><li class=\"choice-1 depth-1\"><input type=\"checkbox\" id=\"wpforms-76207-field_38_1\" name=\"wpforms[fields][38][]\" value=\"Je suis inform\u00e9(e) que toute tenue de travail fournie doit \u00eatre utilis\u00e9e avec soin et restitu\u00e9e en bon \u00e9tat lors de la fin de mon contrat avec l&#039;entreprise. En cas de non-restitution ou de restitution dans un \u00e9tat d\u00e9grad\u00e9, un d\u00e9dommagement de 15\u20ac par t-shirt pourra \u00eatre demand\u00e9.\" aria-errormessage=\"wpforms-76207-field_38_1-error\" required ><label class=\"wpforms-field-label-inline\" for=\"wpforms-76207-field_38_1\">Je suis inform\u00e9(e) que toute tenue de travail fournie doit \u00eatre utilis\u00e9e avec soin et restitu\u00e9e en bon \u00e9tat lors de la fin de mon contrat avec l&rsquo;entreprise. En cas de non-restitution ou de restitution dans un \u00e9tat d\u00e9grad\u00e9, un d\u00e9dommagement de 15\u20ac par t-shirt pourra \u00eatre demand\u00e9.<\/label><\/li><\/ul><\/fieldset><\/div><div id=\"wpforms-76207-field_18-container\" class=\"wpforms-field wpforms-field-captcha\" data-field-id=\"18\"><label class=\"wpforms-field-label\" for=\"wpforms-76207-field_18\">CAPTCHA personnalis\u00e9 <span class=\"wpforms-required-label\" aria-hidden=\"true\">*<\/span><\/label>\t\t\t<div class=\"wpforms-captcha-math\">\n\t\t\t\t<span id=\"wpforms-76207-field_18-question\" class=\"wpforms-captcha-equation\">\n\t\t\t\t\t<span class=\"n1\">5<\/span>\n\t\t\t\t\t\t\t<span class=\"cal\">*<\/span>\n\t\t\t\t\t\t\t<span class=\"n2\">3<\/span>\t\t\t\t\t<span class=\"e\">=<\/span>\n\t\t\t\t<\/span>\n\t\t\t\t<input type=\"text\" id=\"wpforms-76207-field_18\" class=\"wpforms-field-medium wpforms-field-required a\" data-rule-wpf-captcha=\"math\" data-is-wrapped-field=\"1\" name=\"wpforms[fields][18][a]\" aria-errormessage=\"wpforms-76207-field_18-error\" aria-describedby=\"wpforms-76207-field_18-question\" required>\t\t\t\t<input type=\"hidden\" name=\"wpforms[fields][18][cal]\" class=\"cal\">\n\t\t\t\t<input type=\"hidden\" name=\"wpforms[fields][18][n2]\" class=\"n2\">\n\t\t\t\t<input type=\"hidden\" name=\"wpforms[fields][18][n1]\" class=\"n1\">\n\t\t\t<\/div>\n\t\t\t<\/div><\/div><!-- .wpforms-field-container --><div class=\"wpforms-submit-container\" ><input type=\"hidden\" name=\"wpforms[id]\" value=\"76207\"><input type=\"hidden\" name=\"page_title\" value=\"\"><input type=\"hidden\" name=\"page_url\" value=\"https:\/\/groupesavoure.fr\/index.php\/wp-json\/wp\/v2\/pages\/76226\"><button type=\"submit\" name=\"wpforms[submit]\" id=\"wpforms-submit-76207\" class=\"wpforms-submit\" data-alt-text=\"En cours...\" data-submit-text=\"Envoyer\" aria-live=\"assertive\" value=\"wpforms-submit\">Envoyer<\/button><img decoding=\"async\" src=\"https:\/\/groupesavoure.fr\/wp-content\/plugins\/wpforms\/assets\/images\/submit-spin.svg\" class=\"wpforms-submit-spinner\" style=\"display: none;\" width=\"26\" height=\"26\" alt=\"Chargement en cours\"><\/div><\/form><\/div>  <!-- .wpforms-container --><\/p>\t\t\t\t\t\t\t\t<\/div>\n\t\t\t\t<\/div>\n\t\t\t\t\t<\/div>\n\t\t<\/div>\n\t\t\t\t\t<\/div>\n\t\t<\/section>\n\t\t\t\t<\/div>\n\t\t","protected":false},"excerpt":{"rendered":"<p>Commande Staff VINYA<\/p>\n","protected":false},"author":1,"featured_media":10873,"parent":0,"menu_order":0,"comment_status":"closed","ping_status":"closed","template":"","meta":{"footnotes":""},"class_list":["post-76226","page","type-page","status-publish","has-post-thumbnail","hentry"],"aioseo_notices":[],"_links":{"self":[{"href":"https:\/\/groupesavoure.fr\/index.php\/wp-json\/wp\/v2\/pages\/76226","targetHints":{"allow":["GET"]}}],"collection":[{"href":"https:\/\/groupesavoure.fr\/index.php\/wp-json\/wp\/v2\/pages"}],"about":[{"href":"https:\/\/groupesavoure.fr\/index.php\/wp-json\/wp\/v2\/types\/page"}],"author":[{"embeddable":true,"href":"https:\/\/groupesavoure.fr\/index.php\/wp-json\/wp\/v2\/users\/1"}],"replies":[{"embeddable":true,"href":"https:\/\/groupesavoure.fr\/index.php\/wp-json\/wp\/v2\/comments?post=76226"}],"version-history":[{"count":11,"href":"https:\/\/groupesavoure.fr\/index.php\/wp-json\/wp\/v2\/pages\/76226\/revisions"}],"predecessor-version":[{"id":76271,"href":"https:\/\/groupesavoure.fr\/index.php\/wp-json\/wp\/v2\/pages\/76226\/revisions\/76271"}],"wp:featuredmedia":[{"embeddable":true,"href":"https:\/\/groupesavoure.fr\/index.php\/wp-json\/wp\/v2\/media\/10873"}],"wp:attachment":[{"href":"https:\/\/groupesavoure.fr\/index.php\/wp-json\/wp\/v2\/media?parent=76226"}],"curies":[{"name":"wp","href":"https:\/\/api.w.org\/{rel}","templated":true}]}}